{"id":7,"date":"2021-04-30T18:13:08","date_gmt":"2021-04-30T18:13:08","guid":{"rendered":"https:\/\/diretosulamerica.com.br\/direto-nacional\/?page_id=7"},"modified":"2023-08-21T11:54:55","modified_gmt":"2023-08-21T11:54:55","slug":"home","status":"publish","type":"page","link":"https:\/\/diretosulamerica.com.br\/direto-nacional\/","title":{"rendered":"Home"},"content":{"rendered":"\n\n  <div class=\"banner has-hover\" id=\"banner-113351463\">\n          <div class=\"banner-inner fill\">\n        <div class=\"banner-bg fill\" >\n            <div class=\"bg fill bg-fill \"><\/div>\n                        <div class=\"overlay\"><\/div>            \n                    <\/div>\n\t\t\n        <div class=\"banner-layers container\">\n            <div class=\"fill banner-link\"><\/div>            \n\n   <div id=\"text-box-1582705991\" class=\"text-box banner-layer x5 md-x0 lg-x0 y50 md-y50 lg-y50 res-text\">\n                                <div class=\"text-box-content text dark\">\n              \n              <div class=\"text-inner text-left\">\n                  \n\n<h2 class=\"uppercase\"><strong>Direto Nacional<\/strong><\/h2>\n<h3>Plano de sa\u00fade regional com cobertura nacional<\/h3>\n<p>O SulAm\u00e9rica Direto Nacional \u00e9 o mais novo lan\u00e7amento da SulAm\u00e9rica Sa\u00fade, dispon\u00edvel em S\u00e3o Paulo, Rio de Janeiro, Fortaleza e em breve estar\u00e1 dispon\u00edvel diversas outras regi\u00f5es do pa\u00eds.<\/p>\n<a href=\"#planos\" target=\"_self\" class=\"button primary\"  style=\"border-radius:99px;\">\n    <span>conhe\u00e7a o plano<\/span>\n  <\/a>\n\n\n<a href=\"#simulacao-hapvida-saude\" target=\"_self\" class=\"button secondary hide-for-small\"  style=\"border-radius:99px;\">\n    <span>simule agora<\/span>\n  <\/a>\n\n\n\n              <\/div>\n           <\/div>\n                            \n<style>\n#text-box-1582705991 {\n  width: 84%;\n}\n#text-box-1582705991 .text-box-content {\n  font-size: 156%;\n}\n@media (min-width:550px) {\n  #text-box-1582705991 {\n    width: 44%;\n  }\n  #text-box-1582705991 .text-box-content {\n    font-size: 100%;\n  }\n}\n<\/style>\n    <\/div>\n \n   <div id=\"text-box-1496342928\" class=\"text-box banner-layer hide-for-small x5 md-x100 lg-x100 y40 md-y50 lg-y50 res-text\">\n                                <div class=\"text-box-content text dark\">\n              \n              <div class=\"text-inner text-left\">\n                  \n\n<p><a href=\"#simulacao-hapvida-saude\"><img decoding=\"async\" data-src=\"https:\/\/diretosulamerica.com.br\/wp-content\/uploads\/2022\/04\/biscoito-de-leite.png\" src=\"data:image\/gif;base64,R0lGODlhAQABAAAAACH5BAEKAAEALAAAAAABAAEAAAICTAEAOw==\" class=\"lazyload\" \/><noscript><img decoding=\"async\" src=\"https:\/\/diretosulamerica.com.br\/wp-content\/uploads\/2022\/04\/biscoito-de-leite.png\" \/><\/noscript><\/a><\/p>\n\n              <\/div>\n           <\/div>\n                            \n<style>\n#text-box-1496342928 {\n  width: 91%;\n}\n#text-box-1496342928 .text-box-content {\n  font-size: 100%;\n}\n@media (min-width:550px) {\n  #text-box-1496342928 {\n    width: 45%;\n  }\n}\n<\/style>\n    <\/div>\n \n\n        <\/div>\n      <\/div>\n\n            \n<style>\n#banner-113351463 {\n  padding-top: 540px;\n}\n#banner-113351463 .bg.bg-loaded {\n  background-image: url(https:\/\/diretosulamerica.com.br\/direto-nacional\/wp-content\/uploads\/2023\/08\/getty_462573309_970647970450037_64394-1024x576.jpg);\n}\n#banner-113351463 .overlay {\n  background-color: rgba(0, 0, 0, 0.424);\n}\n#banner-113351463 .bg {\n  background-position: 3% 100%;\n}\n#banner-113351463 .ux-shape-divider--top svg {\n  height: 150px;\n  --divider-top-width: 100%;\n}\n#banner-113351463 .ux-shape-divider--bottom svg {\n  height: 150px;\n  --divider-width: 100%;\n}\n@media (min-width:550px) {\n  #banner-113351463 {\n    padding-top: 630px;\n  }\n}\n<\/style>\n  <\/div>\n\n\n<span class=\"scroll-to\" data-label=\"Scroll to: #sobre\" data-bullet=\"false\" data-link=\"#sobre\" data-title=\"sobre\"><a name=\"sobre\"><\/a><\/span>\n\n\t<section class=\"section\" id=\"section_1503119160\">\n\t\t<div class=\"bg section-bg fill bg-fill  \" >\n\n\t\t\t\n\t\t\t<div class=\"section-bg-overlay absolute fill\"><\/div>\n\t\t\t\n\n\t\t<\/div>\n\n\t\t\n\n\t\t<div class=\"section-content relative\">\n\t\t\t\n\n<div class=\"row row-small align-middle\"  id=\"row-440117690\">\n\n\n\t<div id=\"col-1516855889\" class=\"col medium-4 small-12 large-4\"  >\n\t\t\t\t<div class=\"col-inner\"  >\n\t\t\t\n\t\t\t\n\n\n  <div class=\"banner has-hover\" id=\"banner-778245113\">\n          <div class=\"banner-inner fill\">\n        <div class=\"banner-bg fill\" >\n            <div class=\"bg fill bg-fill \"><\/div>\n                                    \n                    <\/div>\n\t\t\n        <div class=\"banner-layers container\">\n            <div class=\"fill banner-link\"><\/div>            \n\n   <div id=\"text-box-78938460\" class=\"text-box banner-layer x50 md-x50 lg-x50 y50 md-y50 lg-y50 res-text\">\n                                <div class=\"text-box-content text dark\">\n              \n              <div class=\"text-inner text-center\">\n                  \n\n\n              <\/div>\n           <\/div>\n                            \n<style>\n#text-box-78938460 {\n  width: 60%;\n}\n#text-box-78938460 .text-box-content {\n  font-size: 100%;\n}\n<\/style>\n    <\/div>\n \n\n        <\/div>\n      <\/div>\n\n            \n<style>\n#banner-778245113 {\n  padding-top: 422px;\n}\n#banner-778245113 .bg.bg-loaded {\n  background-image: url(https:\/\/diretosulamerica.com.br\/direto-nacional\/wp-content\/uploads\/2023\/08\/small-business-health-plan-1024x538.jpg);\n}\n#banner-778245113 .bg {\n  background-position: 88% 47%;\n}\n#banner-778245113 .ux-shape-divider--top svg {\n  height: 150px;\n  --divider-top-width: 100%;\n}\n#banner-778245113 .ux-shape-divider--bottom svg {\n  height: 150px;\n  --divider-width: 100%;\n}\n<\/style>\n  <\/div>\n\n\n\n\t\t<\/div>\n\t\t\t\t\t<\/div>\n\n\t\n\n\t<div id=\"col-979105760\" class=\"col medium-8 small-12 large-8\"  >\n\t\t\t\t<div class=\"col-inner\"  >\n\t\t\t\n\t\t\t\n\n\t<div id=\"text-1573204140\" class=\"text\">\n\t\t\n\n<h2 style=\"text-align: left;\"><span style=\"font-weight: bold; color: #333!important;\"><span style=\"color: #002260;\">Conhe\u00e7a a <\/span><\/span><span style=\"font-weight: bold; color: #ef5713!important;\">Direto Nacional<\/span><\/h2>\n<div><b>O plano SulAm\u00e9rica Direto Nacional garante acesso a uma rede hospitalar e ambulatorial inteligente e altamente qualificada, com equipes m\u00e9dicas especializadas e de refer\u00eancia.<\/b><\/div>\n<div>\u00a0<\/div>\n<div>J\u00e1 pensou em ser atendido em algumas dos melhores hospitais e laborat\u00f3rios da sua regi\u00e3o? Com o Direto Nacional voc\u00ea conta com atendimento em algumas das melhores op\u00e7\u00f5es de hospitais e laborat\u00f3rios nas regi\u00f5es de S\u00e3o Paulo, Rio de Janeiro e Fortaleza.<\/div>\n<div>\u00a0<\/div>\n<div>O plano de sa\u00fade pode ser personalizado de acordo com as suas necessidades: escolha entre acomoda\u00e7\u00e3o entre apartamento e enfermaria, coparticipa\u00e7\u00e3o e muito mais! Solicite uma cota\u00e7\u00e3o pelo site gratuitamente ou entre em contato com nossos corretores especializados e tire todas suas d\u00favidas sobre o plano.<\/div>\n\t\t\n<style>\n#text-1573204140 {\n  text-align: left;\n}\n<\/style>\n\t<\/div>\n\t\n\n\t\t<\/div>\n\t\t\t\t\t<\/div>\n\n\t\n\n<\/div>\n\n\t\t<\/div>\n\n\t\t\n<style>\n#section_1503119160 {\n  padding-top: 30px;\n  padding-bottom: 30px;\n}\n#section_1503119160 .section-bg-overlay {\n  background-color: rgba(255, 255, 255, 0.163);\n}\n#section_1503119160 .section-bg.bg-loaded {\n  background-image: url(https:\/\/diretosulamerica.com.br\/direto-nacional\/wp-content\/uploads\/2021\/04\/bg.png);\n}\n#section_1503119160 .ux-shape-divider--top svg {\n  height: 150px;\n  --divider-top-width: 100%;\n}\n#section_1503119160 .ux-shape-divider--bottom svg {\n  height: 150px;\n  --divider-width: 100%;\n}\n<\/style>\n\t<\/section>\n\t\n<span class=\"scroll-to\" data-label=\"Scroll to: #diferenciais\" data-bullet=\"false\" data-link=\"#diferenciais\" data-title=\"diferenciais\"><a name=\"diferenciais\"><\/a><\/span>\n\n\t<section class=\"section\" id=\"section_804830687\">\n\t\t<div class=\"bg section-bg fill bg-fill  bg-loaded\" >\n\n\t\t\t\n\t\t\t\n\t\t\t\n\n\t\t<\/div>\n\n\t\t\n\n\t\t<div class=\"section-content relative\">\n\t\t\t\n\n<div class=\"row\"  id=\"row-1119865901\">\n\n\n\t<div id=\"col-1939969846\" class=\"col small-12 large-12\"  >\n\t\t\t\t<div class=\"col-inner\"  >\n\t\t\t\n\t\t\t\n\n<h2 style=\"text-align: center;\"><span style=\"font-weight: bold; color: #002260!important;\"><span style=\"color: #002260;\">Diferenciais <\/span><\/span><span style=\"font-weight: bold; color: #ef5713!important;\">Direto Nacional<\/span><\/h2>\n<p style=\"text-align: center;\">Confira alguns motivos para contratar um plano da Direto Nacional.<\/p>\n\n\t\t<\/div>\n\t\t\t\t\t<\/div>\n\n\t\n\n<\/div>\n<div class=\"row\"  id=\"row-405348559\">\n\n\n\t<div id=\"col-1495548351\" class=\"col medium-3 small-12 large-3\"  >\n\t\t\t\t<div class=\"col-inner\"  >\n\t\t\t\n\t\t\t\n\n\n\t\t<div class=\"icon-box featured-box icon-box-top text-left\"  >\n\t\t\t\t<div class=\"icon-box-text last-reset\">\n\t\t\t\t\t\t\t\t\t\n\n<h3 style=\"color: #002260;\">Contrata\u00e7\u00e3o<\/h3>\n<p>O plano Direto Nacional pode ser contratado via CNPJ por empresas com 2 ou mais vidas, sendo no m\u00ednimo 1 titular + 1 dependente. Simule agora mesmo pelo site.<\/p>\n\n\t\t<\/div>\n\t<\/div>\n\t\n\t\n\n\t\t<\/div>\n\t\t\t\t\t<\/div>\n\n\t\n\n\t<div id=\"col-1837485899\" class=\"col medium-3 small-12 large-3\"  >\n\t\t\t\t<div class=\"col-inner\"  >\n\t\t\t\n\t\t\t\n\n\n\t\t<div class=\"icon-box featured-box icon-box-top text-left\"  >\n\t\t\t\t<div class=\"icon-box-text last-reset\">\n\t\t\t\t\t\t\t\t\t\n\n<h3 style=\"color: #002260;\">Cobertura Completa<\/h3>\n<p>O plano Direto Nacional cobre consultas, exames, tratamentos e diversos outros procedimentos em todas as especialidades contemplatadas no Rol ANS.\u00a0<\/p>\n\n\t\t<\/div>\n\t<\/div>\n\t\n\t\n\n\t\t<\/div>\n\t\t\t\t\t<\/div>\n\n\t\n\n\t<div id=\"col-1289499433\" class=\"col medium-3 small-12 large-3\"  >\n\t\t\t\t<div class=\"col-inner\"  >\n\t\t\t\n\t\t\t\n\n\n\t\t<div class=\"icon-box featured-box icon-box-top text-left\"  >\n\t\t\t\t<div class=\"icon-box-text last-reset\">\n\t\t\t\t\t\t\t\t\t\n\n<h3 style=\"color: #002260;\">Reembolso<\/h3>\n<p>Com o Direto Nacional voc\u00ea conta com reembolso para consultas m\u00e9dicas de urg\u00eancia e emerg\u00eancia (pronto socorro) dentro da regi\u00e3o de abrang\u00eancia do plano.<\/p>\n\n\t\t<\/div>\n\t<\/div>\n\t\n\t\n\n\t\t<\/div>\n\t\t\t\t\t<\/div>\n\n\t\n\n\t<div id=\"col-1605670593\" class=\"col medium-3 small-12 large-3\"  >\n\t\t\t\t<div class=\"col-inner\"  >\n\t\t\t\n\t\t\t\n\n\n\t\t<div class=\"icon-box featured-box icon-box-top text-left\"  >\n\t\t\t\t<div class=\"icon-box-text last-reset\">\n\t\t\t\t\t\t\t\t\t\n\n<h3 style=\"color: #002260;\">Acomoda\u00e7\u00e3o<\/h3>\n<p>Na hora de contratar o seu plano voc\u00ea pode escolher entre acomoda\u00e7\u00e3o em enfermaria (quarto coletivo) ou apartamento (quarto individual.).<\/p>\n\n\t\t<\/div>\n\t<\/div>\n\t\n\t\n\n\t\t<\/div>\n\t\t\t\t\t<\/div>\n\n\t\n\n\t<div id=\"col-751646490\" class=\"col medium-3 small-12 large-3\"  >\n\t\t\t\t<div class=\"col-inner\"  >\n\t\t\t\n\t\t\t\n\n\n\t\t<div class=\"icon-box featured-box icon-box-top text-left\"  >\n\t\t\t\t<div class=\"icon-box-text last-reset\">\n\t\t\t\t\t\t\t\t\t\n\n<h3 style=\"color: #002260;\">Coparticipa\u00e7\u00e3o<\/h3>\n<p>Ao contratar o seu plano com coparticipa\u00e7\u00e3o voc\u00ea conta com mensalidades ainda mais acess\u00edveis. Consulte-nos para maiores informa\u00e7\u00f5es sobre limitador mensal.<\/p>\n\n\t\t<\/div>\n\t<\/div>\n\t\n\t\n\n\t\t<\/div>\n\t\t\t\t\t<\/div>\n\n\t\n\n\t<div id=\"col-20329182\" class=\"col medium-3 small-12 large-3\"  >\n\t\t\t\t<div class=\"col-inner\"  >\n\t\t\t\n\t\t\t\n\n\n\t\t<div class=\"icon-box featured-box icon-box-top text-left\"  >\n\t\t\t\t<div class=\"icon-box-text last-reset\">\n\t\t\t\t\t\t\t\t\t\n\n<h3 style=\"color: #002260;\">Ampla Rede Credenciada\u00a0<\/h3>\n<p>S\u00e3o mais de 900 hospitais em todo territ\u00f3rio nacional, sendo 350 unidades divididas apenas nas regi\u00f5es de S\u00e3o Paulo, Rio de Janeiro e Fortaleza.<\/p>\n\n\t\t<\/div>\n\t<\/div>\n\t\n\t\n\n\t\t<\/div>\n\t\t\t\t\t<\/div>\n\n\t\n\n\t<div id=\"col-600631248\" class=\"col medium-3 small-12 large-3\"  >\n\t\t\t\t<div class=\"col-inner\"  >\n\t\t\t\n\t\t\t\n\n\n\t\t<div class=\"icon-box featured-box icon-box-top text-left\"  >\n\t\t\t\t<div class=\"icon-box-text last-reset\">\n\t\t\t\t\t\t\t\t\t\n\n<h3 style=\"color: #002260;\">Telemedicina<\/h3>\n<p>Tire suas d\u00favidas sobre sa\u00fade ou realize consultas m\u00e9dicas sem sair de casa por meio do Sa\u00fade na Tela. Voc\u00ea tamb\u00e9m conta com sess\u00f5es de psicoterapia online!<\/p>\n\n\t\t<\/div>\n\t<\/div>\n\t\n\t\n\n\t\t<\/div>\n\t\t\t\t\t<\/div>\n\n\t\n\n\t<div id=\"col-1074168162\" class=\"col medium-3 small-12 large-3\"  >\n\t\t\t\t<div class=\"col-inner\"  >\n\t\t\t\n\t\t\t\n\n\n\t\t<div class=\"icon-box featured-box icon-box-top text-left\"  >\n\t\t\t\t<div class=\"icon-box-text last-reset\">\n\t\t\t\t\t\t\t\t\t\n\n<h3 style=\"color: #002260;\">SulAmais<\/h3>\n<p>O SulAmais \u00e9 o clube de benef\u00edcios e descontos exclusivos para benefici\u00e1rios SulAm\u00e9rica Sa\u00fade. Contrate o plano e tenha acesso a ofertas imperd\u00edveis!<\/p>\n\n\t\t<\/div>\n\t<\/div>\n\t\n\t\n\n\t\t<\/div>\n\t\t\t\t\t<\/div>\n\n\t\n\n<\/div>\n\n\t\t<\/div>\n\n\t\t\n<style>\n#section_804830687 {\n  padding-top: 47px;\n  padding-bottom: 47px;\n}\n#section_804830687 .ux-shape-divider--top svg {\n  height: 150px;\n  --divider-top-width: 100%;\n}\n#section_804830687 .ux-shape-divider--bottom svg {\n  height: 150px;\n  --divider-width: 100%;\n}\n<\/style>\n\t<\/section>\n\t\n<span class=\"scroll-to\" data-label=\"Scroll to: #rede-credenciada\" data-bullet=\"false\" data-link=\"#rede-credenciada\" data-title=\"rede-credenciada\"><a name=\"rede-credenciada\"><\/a><\/span>\n\n\t<section class=\"section\" id=\"section_1389920873\">\n\t\t<div class=\"bg section-bg fill bg-fill  bg-loaded\" >\n\n\t\t\t\n\t\t\t<div class=\"section-bg-overlay absolute fill\"><\/div>\n\t\t\t\n\n\t\t<\/div>\n\n\t\t\n\n\t\t<div class=\"section-content relative\">\n\t\t\t\n\n<div class=\"row\"  id=\"row-180973093\">\n\n\n\t<div id=\"col-1883125326\" class=\"col small-12 large-12\"  >\n\t\t\t\t<div class=\"col-inner\"  >\n\t\t\t\n\t\t\t\n\n<h2 style=\"text-align: center;\"><span style=\"font-weight: bold; color: #333!important;\"><span style=\"color: #002260;\">Rede Credenciada <\/span><\/span><span style=\"font-weight: bold; color: #ef5713!important;\">Direto Nacional<\/span><\/h2>\n<p style=\"text-align: center;\">Conhe\u00e7a alguns exemplos de atendimento da Direto Nacional<\/p>\n\n<div class=\"row\"  id=\"row-1881757715\">\n\n\n\t<div id=\"col-1867593630\" class=\"col medium-4 small-12 large-4\"  >\n\t\t\t\t<div class=\"col-inner\"  >\n\t\t\t\n\t\t\t\n\n\t<div id=\"text-2013650107\" class=\"text\">\n\t\t\n\n<h2 style=\"text-align: left;\"><span style=\"font-weight: bold; color: #333!important;\"><span style=\"color: #002260;\">Direto Nacional <\/span><\/span><span style=\"font-weight: bold; color: #ef5713!important;\">S\u00e3o Paulo<\/span><\/h2>\n\t\t\n<style>\n#text-2013650107 {\n  font-size: 0.75rem;\n  text-align: left;\n}\n<\/style>\n\t<\/div>\n\t\n<ul>\n<li>Rede D\u2019or S\u00e3o Luiz<\/li>\n<li>Hospital Central Leste<\/li>\n<li>Hospital de Cl\u00ednicas Ant\u00f4nio Afonso<\/li>\n<li>Hospital Santa Cruz<\/li>\n<li>CEMA<\/li>\n<li>Hospital Aviccena<\/li>\n<li>Hospital Novo Atibaia<\/li>\n<li>Santa Casa de Miseric\u00f3rdia S\u00e3o Paulo<\/li>\n<li>Hospital Benefic\u00eancia Portuguesa<\/li>\n<li>Laborat\u00f3rios Dasa<\/li>\n<li>Sabin Medicina Diagn\u00f3stica<\/li>\n<li>Salom\u00e3o &amp; Zoppi<\/li>\n<\/ul>\n\n\t\t<\/div>\n\t\t\t\t\t<\/div>\n\n\t\n\n\t<div id=\"col-521764224\" class=\"col medium-4 small-12 large-4\"  >\n\t\t\t\t<div class=\"col-inner\"  >\n\t\t\t\n\t\t\t\n\n\t<div id=\"text-1171185743\" class=\"text\">\n\t\t\n\n<h2 style=\"text-align: left;\"><span style=\"font-weight: bold; color: #333!important;\"><span style=\"color: #002260;\">Direto Nacional <\/span><\/span><span style=\"font-weight: bold; color: #ef5713!important;\">Rio de Janeiro<\/span><\/h2>\n\t\t\n<style>\n#text-1171185743 {\n  font-size: 0.75rem;\n  text-align: left;\n}\n<\/style>\n\t<\/div>\n\t\n<ul>\n<li>Rede D\u2019or Rio de Janeiro<\/li>\n<li>Hospital Balbino<\/li>\n<li>Hospital Rio Mar<\/li>\n<li>Hospital Badin<\/li>\n<li>Grupo Prontobaby<\/li>\n<li>Hospital Pasteur<\/li>\n<li>Hospital Icara\u00ed<\/li>\n<li>Hospital Prontonil<\/li>\n<li>A+ Medicina Diagn\u00f3stica<\/li>\n<li>Laborat\u00f3rio Lafe<\/li>\n<li>Bronstein Medicina Diagn\u00f3stica<\/li>\n<\/ul>\n\n\t\t<\/div>\n\t\t\t\t\t<\/div>\n\n\t\n\n\t<div id=\"col-731950559\" class=\"col medium-4 small-12 large-4\"  >\n\t\t\t\t<div class=\"col-inner\"  >\n\t\t\t\n\t\t\t\n\n\t<div id=\"text-728446530\" class=\"text\">\n\t\t\n\n<h2 style=\"text-align: left;\"><span style=\"font-weight: bold; color: #333!important;\"><span style=\"color: #002260;\">Direto Nacional <\/span><\/span><span style=\"font-weight: bold; color: #ef5713!important;\">Fortaleza<\/span><\/h2>\n\t\t\n<style>\n#text-728446530 {\n  font-size: 0.75rem;\n  text-align: left;\n}\n<\/style>\n\t<\/div>\n\t\n<ul>\n<li>Hospital S\u00e3o Carlos<\/li>\n<li>Hospital G\u00eanesis<\/li>\n<li>Hospital da Crian\u00e7a<\/li>\n<li>Hospital IVV<\/li>\n<li>S\u00e3o Carlos Imagem<\/li>\n<li>Boghos Boyadjian Diagn\u00f3stico de Imagem<\/li>\n<li>Hospital Em\u00edlio Ribas<\/li>\n<\/ul>\n\n\t\t<\/div>\n\t\t\t\t\t<\/div>\n\n\t\n\n<\/div>\n\n\t\t<\/div>\n\t\t\t\t\t<\/div>\n\n\t\n\n<\/div>\n\n\t\t<\/div>\n\n\t\t\n<style>\n#section_1389920873 {\n  padding-top: 47px;\n  padding-bottom: 47px;\n}\n#section_1389920873 .section-bg-overlay {\n  background-color: rgb(247, 247, 247);\n}\n#section_1389920873 .ux-shape-divider--top svg {\n  height: 150px;\n  --divider-top-width: 100%;\n}\n#section_1389920873 .ux-shape-divider--bottom svg {\n  height: 150px;\n  --divider-width: 100%;\n}\n<\/style>\n\t<\/section>\n\t\n\n","protected":false},"excerpt":{"rendered":"","protected":false},"author":1,"featured_media":0,"parent":0,"menu_order":0,"comment_status":"closed","ping_status":"closed","template":"page-blank.php","meta":{"footnotes":""},"class_list":["post-7","page","type-page","status-publish","hentry"],"_links":{"self":[{"href":"https:\/\/diretosulamerica.com.br\/direto-nacional\/wp-json\/wp\/v2\/pages\/7","targetHints":{"allow":["GET"]}}],"collection":[{"href":"https:\/\/diretosulamerica.com.br\/direto-nacional\/wp-json\/wp\/v2\/pages"}],"about":[{"href":"https:\/\/diretosulamerica.com.br\/direto-nacional\/wp-json\/wp\/v2\/types\/page"}],"author":[{"embeddable":true,"href":"https:\/\/diretosulamerica.com.br\/direto-nacional\/wp-json\/wp\/v2\/users\/1"}],"replies":[{"embeddable":true,"href":"https:\/\/diretosulamerica.com.br\/direto-nacional\/wp-json\/wp\/v2\/comments?post=7"}],"version-history":[{"count":97,"href":"https:\/\/diretosulamerica.com.br\/direto-nacional\/wp-json\/wp\/v2\/pages\/7\/revisions"}],"predecessor-version":[{"id":1294,"href":"https:\/\/diretosulamerica.com.br\/direto-nacional\/wp-json\/wp\/v2\/pages\/7\/revisions\/1294"}],"wp:attachment":[{"href":"https:\/\/diretosulamerica.com.br\/direto-nacional\/wp-json\/wp\/v2\/media?parent=7"}],"curies":[{"name":"wp","href":"https:\/\/api.w.org\/{rel}","templated":true}]}}